{"id":5288,"date":"2025-08-23T14:22:43","date_gmt":"2025-08-23T14:22:43","guid":{"rendered":"https:\/\/www.laoteashop.cz\/?post_type=product&#038;p=5288"},"modified":"2026-02-23T11:07:30","modified_gmt":"2026-02-23T11:07:30","slug":"2021-2012-zhong-cha-black-box-special-grade-liu-bao-25g-2","status":"publish","type":"product","link":"https:\/\/www.laoteashop.cz\/en\/product\/2021-2012-zhong-cha-black-box-special-grade-liu-bao-25g-2\/","title":{"rendered":"2021 (2012) Zhong Cha &#8222;Black box&#8220; Special Grade Liu Bao  25g-100g"},"content":{"rendered":"<p><strong>Jsem velk\u00fd fanou\u0161ek<\/strong> tohoto \u010daje a netrp\u011bliv\u011b jsem \u010dekal na tuto speci\u00e1ln\u00ed edici, kter\u00e1 zr\u00e1la v d\u0159ev\u011bn\u00e9m skladu cel\u00fdch 9 let. <em>Black Box<\/em> je exportn\u00ed grade, kter\u00fd se za\u010dal vyr\u00e1b\u011bt v 80. letech minul\u00e9ho stolet\u00ed. Dnes pat\u0159\u00ed mezi nejpopul\u00e1rn\u011bj\u0161\u00ed \u010daje z t\u00e9to tov\u00e1rny. Tradi\u010dn\u011b se pou\u017e\u00edv\u00e1 o n\u011bco ni\u017e\u0161\u00ed kvalita materi\u00e1lu a zr\u00e1n\u00ed ve skladu kolem 5\u20136 let. N\u00e1\u0161 \u010daj byl vyroben k v\u00fdro\u010d\u00ed tohoto brandu a pou\u017eit\u00e1 kvalita je vy\u0161\u0161\u00ed, p\u0159i\u010dem\u017e doba zr\u00e1n\u00ed se posunula a\u017e na 9 let.<\/p>\n<p>Tradi\u010dn\u00ed n\u011bkolikam\u011bs\u00ed\u010dn\u00ed fermentace na velk\u00fdch hromad\u00e1ch d\u00e1v\u00e1 \u010daji velmi silnou a bohatou chu\u0165 s velk\u00fdm potenci\u00e1lem pro dal\u0161\u00ed zr\u00e1n\u00ed.<\/p>\n<p><strong>V\u016fn\u011b:<\/strong> velmi atraktivn\u00ed, nazr\u00e1l\u00e1, siln\u00e1, s t\u00f3ny ho\u0159k\u00e9 \u010dokol\u00e1dy, betelov\u00e9ho o\u0159echu, vz\u00e1cn\u00e9ho ko\u0159en\u00ed, chryzant\u00e9my, lu\u010dn\u00edho medu a vla\u0161sk\u00fdch o\u0159ech\u016f.<\/p>\n<p><strong>Chu\u0165:<\/strong> velmi siln\u00e1, s obrovsk\u00fdm potenci\u00e1lem. Dominuje ho\u0159k\u00e1 \u010dokol\u00e1da, su\u0161en\u00e9 byliny, betelov\u00fd o\u0159ech a su\u0161en\u00e9 maliny, s dlouh\u00fdm bylinn\u00fdm dozvukem.<\/p>\n<p><strong>Oblast:<\/strong> Guangxi, \u010c\u00edna<br \/>\n<strong>Tov\u00e1rna:<\/strong> CNNP Wuzhou<br \/>\n<strong>Baleno:<\/strong> 2021<br \/>\n<strong>Materi\u00e1l:<\/strong> 2012<br \/>\n<strong>Chu\u0165ov\u00fd profil:<\/strong> ho\u0159k\u00e1 \u010dokol\u00e1da, su\u0161en\u00e9 byliny, betelov\u00fd o\u0159ech, maliny<\/p>\n<p><strong>Tip na p\u0159\u00edpravu<\/strong><br \/>\n\u2013 <em>Gaiwan:<\/em> 5 g, 100 \u00b0C, 10 sekund<br \/>\n\u2013 <em>Konvi\u010dka 500 ml:<\/em> 5 g, 100 \u00b0C, 3 minuty<\/p>\n<p><strong>Zem\u011b p\u016fvodu:<\/strong> \u010c\u00edna<\/p>","protected":false},"excerpt":{"rendered":"<p><strong>V\u016fn\u011b:<\/strong> velmi atraktivn\u00ed, nazr\u00e1l\u00e1, siln\u00e1, s t\u00f3ny ho\u0159k\u00e9 \u010dokol\u00e1dy, betelov\u00e9ho o\u0159echu, vz\u00e1cn\u00e9ho ko\u0159en\u00ed, chryzant\u00e9my, lu\u010dn\u00edho medu a vla\u0161sk\u00fdch o\u0159ech\u016f.<\/p>\n<p><strong>Chu\u0165:<\/strong> velmi siln\u00e1, s obrovsk\u00fdm potenci\u00e1lem. Dominuje ho\u0159k\u00e1 \u010dokol\u00e1da, su\u0161en\u00e9 byliny, betelov\u00fd o\u0159ech a su\u0161en\u00e9 maliny, s dlouh\u00fdm bylinn\u00fdm dozvukem.<\/p>","protected":false},"featured_media":5265,"template":"","meta":{"_et_pb_use_builder":"","_et_pb_old_content":""},"product_brand":[],"product_cat":[],"product_tag":[],"class_list":{"0":"post-5288","1":"product","2":"type-product","3":"status-publish","4":"has-post-thumbnail","7":"first","8":"instock","9":"taxable","10":"shipping-taxable","11":"purchasable","12":"product-type-variable"},"lang":"en","translations":{"en":5288},"_links":{"self":[{"href":"https:\/\/www.laoteashop.cz\/en\/wp-json\/wp\/v2\/product\/5288","targetHints":{"allow":["GET"]}}],"collection":[{"href":"https:\/\/www.laoteashop.cz\/en\/wp-json\/wp\/v2\/product"}],"about":[{"href":"https:\/\/www.laoteashop.cz\/en\/wp-json\/wp\/v2\/types\/product"}],"wp:featuredmedia":[{"embeddable":true,"href":"https:\/\/www.laoteashop.cz\/en\/wp-json\/wp\/v2\/media\/5265"}],"wp:attachment":[{"href":"https:\/\/www.laoteashop.cz\/en\/wp-json\/wp\/v2\/media?parent=5288"}],"wp:term":[{"taxonomy":"product_brand","embeddable":true,"href":"https:\/\/www.laoteashop.cz\/en\/wp-json\/wp\/v2\/product_brand?post=5288"},{"taxonomy":"product_cat","embeddable":true,"href":"https:\/\/www.laoteashop.cz\/en\/wp-json\/wp\/v2\/product_cat?post=5288"},{"taxonomy":"product_tag","embeddable":true,"href":"https:\/\/www.laoteashop.cz\/en\/wp-json\/wp\/v2\/product_tag?post=5288"}],"curies":[{"name":"wp","href":"https:\/\/api.w.org\/{rel}","templated":true}]}}